{"id":10915,"date":"2021-11-18T15:04:33","date_gmt":"2021-11-18T14:04:33","guid":{"rendered":"https:\/\/lotusmodellen.se\/wp\/?page_id=10915"},"modified":"2021-11-27T14:16:12","modified_gmt":"2021-11-27T13:16:12","slug":"foreningarna","status":"publish","type":"page","link":"https:\/\/lotusmodellen.se\/wp\/foreningarna\/","title":{"rendered":"F\u00f6reningarna"},"content":{"rendered":"<h2 style=\"text-align: center;\"><span style=\"font-size: 24pt;\"><strong>Varje individ \u00e4r gruppens styrka.<\/strong><\/span><\/h2>\n<div class=\"wp-block-group\">\n<div class=\"wp-block-group__inner-container\">\n<p>&nbsp;<\/p>\n<\/div>\n<\/div>\n<div class=\"wp-block-group\">\n<div class=\"wp-block-group__inner-container\">\n<div class=\"wp-block-image\">\n<figure class=\"aligncenter size-large is-resized\"><img decoding=\"async\" loading=\"lazy\" class=\"wp-image-152 aligncenter\" src=\"https:\/\/test.test.lotusmodellen.se\/wp-content\/uploads\/2021\/05\/Trygga-Foreningen.png\" sizes=\"(max-width: 269px) 100vw, 269px\" srcset=\"https:\/\/test.lotusmodellen.se\/wp-content\/uploads\/2021\/05\/Trygga-Foreningen.png 320w, https:\/\/test.lotusmodellen.se\/wp-content\/uploads\/2021\/05\/Trygga-Foreningen-300x300.png 300w, https:\/\/test.lotusmodellen.se\/wp-content\/uploads\/2021\/05\/Trygga-Foreningen-150x150.png 150w\" alt=\"\" width=\"269\" height=\"269\" \/><\/figure>\n<\/div>\n<\/div>\n<\/div>\n<div class=\"wp-block-spacer\" aria-hidden=\"true\">\u00a0<\/div>\n<p><span style=\"font-size: 14pt;\">I f\u00f6reningsv\u00e4rlden vet man v\u00e4rdet av starka individer med mycket drivkraft. Samtidigt \u00e4r f\u00f6reningen beroende av att vara en sund och fungerande enhet d\u00e4r allas insatser r\u00e4knas. \u00c4ven inom idrotten finns alkohol och droger liksom i alla andra delar av samh\u00e4llet.<\/span><\/p>\n<p><span style=\"font-size: 14pt;\">Konceptet Trygga F\u00f6reningen bygger p\u00e5 v\u00e5rt digitala verktyg och \u00e4ven h\u00e4r \u00e4r interaktiviteten viktig f\u00f6r att det ska ge resultat. Man g\u00f6r tillsammans en policy och en plan f\u00f6r att m\u00f6tas och l\u00f6sa tuffa problem eller d\u00e5liga attityder i klubben eller laget. Genom utbildning f\u00f6rebygger vi mobbning, kr\u00e4nkningar, utanf\u00f6rskap och missbruk<\/span><\/p>\n<p>&nbsp;<\/p>\n<p>&nbsp;<\/p>\n<p><span style=\"font-size: 14pt;\"><img decoding=\"async\" loading=\"lazy\" class=\"size-full wp-image-10919 aligncenter\" src=\"https:\/\/lotusmodellen.se\/wp\/wp-content\/uploads\/2021\/11\/App_screen_ny_mindre.jpg\" alt=\"\" width=\"282\" height=\"609\" srcset=\"https:\/\/lotusmodellen.se\/wp\/wp-content\/uploads\/2021\/11\/App_screen_ny_mindre.jpg 282w, https:\/\/lotusmodellen.se\/wp\/wp-content\/uploads\/2021\/11\/App_screen_ny_mindre-139x300.jpg 139w\" sizes=\"(max-width: 282px) 100vw, 282px\" \/><\/span><\/p>\n<div class=\"wp-block-image\" style=\"text-align: center;\">\n<p class=\"has-text-align-left\"><span style=\"font-size: 14pt;\">Vi har tagit fram en app f\u00f6r f\u00f6reningar och f\u00f6retag, s\u00e5 att ni enkelt ska kunna jobba f\u00f6rebyggande mot missbruk och andra problem.<\/span><\/p>\n<p class=\"has-text-align-left\"><span style=\"font-size: 14pt;\">I utbildningsappen finns faktamaterial, l\u00e4nkar, kortfilmer och en snabb kontaktv\u00e4g till oss n\u00e4r du beh\u00f6ver r\u00e5d och st\u00f6d.<\/span><\/p>\n<p class=\"aligncenter size-large is-resized\"><span style=\"font-size: 14pt;\"><img decoding=\"async\" loading=\"lazy\" class=\"wp-image-160 aligncenter\" src=\"https:\/\/test.test.lotusmodellen.se\/wp-content\/uploads\/2021\/05\/KRIF_logo_vit-1024x806.png\" sizes=\"(max-width: 322px) 100vw, 322px\" srcset=\"https:\/\/test.lotusmodellen.se\/wp-content\/uploads\/2021\/05\/KRIF_logo_vit-1024x806.png 1024w, https:\/\/test.lotusmodellen.se\/wp-content\/uploads\/2021\/05\/KRIF_logo_vit-300x236.png 300w, https:\/\/test.lotusmodellen.se\/wp-content\/uploads\/2021\/05\/KRIF_logo_vit-768x604.png 768w, https:\/\/test.lotusmodellen.se\/wp-content\/uploads\/2021\/05\/KRIF_logo_vit.png 1033w\" alt=\"\" width=\"322\" height=\"253\" \/><\/span><\/p>\n<p><span style=\"font-size: 14pt;\"><br \/>\nVi har ett n\u00e4ra samarbete med KRIF Hockey om riskbeteenden och v\u00e4rderingar i idrotten.<\/span><\/p>\n<p>&nbsp;<\/p>\n<\/div>\n<p>&nbsp;<\/p>\n<div class=\"wp-block-spacer\" aria-hidden=\"true\">\u00a0<\/div>\n<blockquote>\n<div class=\"wp-block-spacer\" style=\"text-align: center;\" aria-hidden=\"true\"><span style=\"font-size: 14pt;\"><em>\u201dV\u00e4rdegrund\u201d \u00e4r ett popul\u00e4rt begrepp. Det \u00e4r f\u00e5 som l\u00e5ter det betyda n\u00e5got p\u00e5 riktigt.<\/em><\/span><\/div>\n<\/blockquote>\n<p class=\"has-text-align-center\" style=\"text-align: center;\"><span style=\"font-size: 14pt;\">Vill ni ocks\u00e5 f\u00f6rebygga och l\u00f6sa problem i er klubb?<\/span><\/p>\n<p class=\"has-text-align-center\" style=\"text-align: center;\"><span style=\"font-size: 14pt; color: #000000;\"><a style=\"color: #000000;\" href=\"https:\/\/lotusmodellen.se\/kontakt\/\" data-type=\"page\"><span class=\"has-inline-color has-black-color\">Ta kontakt med oss p\u00e5 Lotus!<\/span><\/a><\/span><\/p>\n<div class=\"wp-block-spacer\" style=\"text-align: center;\" aria-hidden=\"true\">\u00a0<\/div>\n<hr class=\"wp-block-separator is-style-wide\" \/>\n<div class=\"wp-block-image\">\n<figure class=\"aligncenter size-large is-resized\"><img decoding=\"async\" loading=\"lazy\" class=\"wp-image-310 aligncenter\" src=\"https:\/\/test.lotusmodellen.se\/wp-content\/uploads\/2021\/05\/Lotus_stiliserad_liten-1.png\" alt=\"\" width=\"149\" height=\"120\" \/><\/figure>\n<\/div>\n","protected":false},"excerpt":{"rendered":"<p>Varje individ \u00e4r gruppens styrka. &nbsp; \u00a0 I f\u00f6reningsv\u00e4rlden vet man v\u00e4rdet av starka individer med mycket drivkraft. Samtidigt \u00e4r f\u00f6reningen beroende av att vara en sund och fungerande enhet d\u00e4r allas insatser r\u00e4knas. \u00c4ven inom idrotten finns alkohol och droger liksom i alla andra delar av samh\u00e4llet. Konceptet Trygga F\u00f6reningen bygger p\u00e5 v\u00e5rt digitala [&hellip;]<\/p>\n","protected":false},"author":8,"featured_media":0,"parent":0,"menu_order":0,"comment_status":"closed","ping_status":"closed","template":"","meta":{"_et_pb_use_builder":"off","_et_pb_old_content":"","_et_gb_content_width":"","_mi_skip_tracking":false},"aioseo_notices":[],"_links":{"self":[{"href":"https:\/\/lotusmodellen.se\/wp\/wp-json\/wp\/v2\/pages\/10915"}],"collection":[{"href":"https:\/\/lotusmodellen.se\/wp\/wp-json\/wp\/v2\/pages"}],"about":[{"href":"https:\/\/lotusmodellen.se\/wp\/wp-json\/wp\/v2\/types\/page"}],"author":[{"embeddable":true,"href":"https:\/\/lotusmodellen.se\/wp\/wp-json\/wp\/v2\/users\/8"}],"replies":[{"embeddable":true,"href":"https:\/\/lotusmodellen.se\/wp\/wp-json\/wp\/v2\/comments?post=10915"}],"version-history":[{"count":18,"href":"https:\/\/lotusmodellen.se\/wp\/wp-json\/wp\/v2\/pages\/10915\/revisions"}],"predecessor-version":[{"id":11107,"href":"https:\/\/lotusmodellen.se\/wp\/wp-json\/wp\/v2\/pages\/10915\/revisions\/11107"}],"wp:attachment":[{"href":"https:\/\/lotusmodellen.se\/wp\/wp-json\/wp\/v2\/media?parent=10915"}],"curies":[{"name":"wp","href":"https:\/\/api.w.org\/{rel}","templated":true}]}}