{"id":10487,"date":"2017-11-24T17:52:44","date_gmt":"2017-11-24T16:52:44","guid":{"rendered":"http:\/\/lotusmodellen.se\/wp\/?page_id=10487"},"modified":"2018-10-02T18:01:42","modified_gmt":"2018-10-02T16:01:42","slug":"utbildning2","status":"publish","type":"page","link":"https:\/\/lotusmodellen.se\/wp\/utbildning2\/","title":{"rendered":"Uppf\u00f6ljning och utv\u00e4rdering av Lotusmodellens utbildningar"},"content":{"rendered":"<p>[et_pb_section bb_built=&#8221;1&#8243; admin_label=&#8221;Header&#8221; background_image=&#8221;https:\/\/lotusmodellen.se\/wp\/wp-content\/uploads\/2017\/11\/lotus_bg.jpg&#8221; transparent_background=&#8221;on&#8221; parallax=&#8221;on&#8221; custom_padding=&#8221;|||&#8221; fullwidth=&#8221;on&#8221; disabled_on=&#8221;off|off|off&#8221; collapsed=&#8221;off&#8221; background_color=&#8221;rgba(255,255,255,0)&#8221; _builder_version=&#8221;3.0.86&#8243; module_alignment=&#8221;center&#8221; next_background_color=&#8221;#ffffff&#8221;][et_pb_fullwidth_header title=&#8221;R\u00e5varor av h\u00f6gsta kvalitet&#8221; background_layout=&#8221;light&#8221; text_orientation=&#8221;center&#8221; header_fullscreen=&#8221;on&#8221; header_scroll_down=&#8221;on&#8221; scroll_down_icon=&#8221;%%0%%&#8221; scroll_down_icon_color=&#8221;#ffffff&#8221; scroll_down_icon_size=&#8221;32px&#8221; subhead_font_color=&#8221;#ffffff&#8221; button_one_text=&#8221;Se meny&#8221; button_two_text=&#8221;Boka bord&#8221; background_color=&#8221;rgba(40,17,0,0.32)&#8221; background_overlay_color=&#8221;rgba(45,22,0,0)&#8221; parallax=&#8221;on&#8221; parallax_method=&#8221;on&#8221; logo_image_url=&#8221;https:\/\/lotusmodellen.se\/wp\/wp-content\/uploads\/2017\/11\/headet.png&#8221; title_font=&#8221;Playfair Display||||&#8221; title_font_size=&#8221;72px&#8221; title_text_color=&#8221;#ffffff&#8221; subhead_font=&#8221;Montserrat||||&#8221; subhead_text_color=&#8221;#ffffff&#8221; content_font=&#8221;Montserrat||||&#8221; content_font_size=&#8221;20px&#8221; content_text_color=&#8221;#ffffff&#8221; custom_button_one=&#8221;on&#8221; button_one_text_size=&#8221;15px&#8221; button_one_text_color=&#8221;#ffffff&#8221; button_one_border_color=&#8221;#ffffff&#8221; button_one_border_radius=&#8221;0px&#8221; button_one_letter_spacing=&#8221;1px&#8221; button_one_font=&#8221;Montserrat|||on|&#8221; button_one_use_icon=&#8221;off&#8221; button_one_border_radius_hover=&#8221;0px&#8221; button_one_letter_spacing_hover=&#8221;1px&#8221; custom_button_two=&#8221;on&#8221; button_two_text_size=&#8221;15px&#8221; button_two_text_color=&#8221;#ffffff&#8221; button_two_bg_color=&#8221;#c39d63&#8243; button_two_border_color=&#8221;#c39d63&#8243; button_two_border_radius=&#8221;0px&#8221; button_two_letter_spacing=&#8221;1px&#8221; button_two_font=&#8221;Montserrat|||on|&#8221; button_two_use_icon=&#8221;off&#8221; button_two_letter_spacing_hover=&#8221;1px&#8221; content_orientation=&#8221;center&#8221; image_orientation=&#8221;center&#8221; button_one_icon_placement=&#8221;right&#8221; button_two_icon_placement=&#8221;right&#8221; content_font_color=&#8221;#ffffff&#8221; title_font_color=&#8221;#ffffff&#8221; content_font_size_phone=&#8221;14px&#8221; content_font_size_last_edited=&#8221;on|phone&#8221; title_font_size_phone=&#8221;45px&#8221; title_font_size_last_edited=&#8221;on|phone&#8221; _builder_version=&#8221;3.0.86&#8243; max_width_tablet=&#8221;50px&#8221; disabled=&#8221;on&#8221; disabled_on=&#8221;on|on|on&#8221;]<\/p>\n<p class=\"\"><span style=\"color: #ffffff;\">V\u00e4lkommen till v\u00e5r ny\u00f6ppnade restaurang i Stockholm.\u00a0I v\u00e5rt k\u00f6k finner ni noga utvalda r\u00e5varor av b\u00e4sta kvalitet. Vi jobbar med n\u00e5gra av de fr\u00e4msta akt\u00f6rerna i landet som sysslar med djuruppf\u00f6dning.<\/span><\/p>\n<p>[\/et_pb_fullwidth_header][et_pb_fullwidth_header_extended _builder_version=&#8221;3.15&#8243; title=&#8221;Utv\u00e4rdering av v\u00e5ra utbildningar&#8221; textillate_effect_loop=&#8221;false&#8221; title_before_after=&#8221;before&#8221; kenburns_effect=&#8221;on&#8221; kenburns_effect_type=&#8221;dwd-zoomout&#8221; background_gradient_type=&#8221;left-to-right&#8221; exclude_pages=&#8221;off&#8221; exclude_posts=&#8221;off&#8221; hide_button=&#8221;off&#8221; search_button_align=&#8221;left&#8221; divider_placement=&#8221;dwd-d-before&#8221; divider_type=&#8221;dwd-d-style-triangles&#8221; header_scroll_down_effect=&#8221;fadeIn&#8221; image_orientation=&#8221;bottom&#8221; search_max_width_on_off=&#8221;off&#8221; background_layout=&#8221;dark&#8221; title_font_color=&#8221;#303030&#8243; title_font=&#8221;Lato|700|||||||&#8221; title_font_size=&#8221;50px&#8221; subhead_font=&#8221;Roboto|300|||||||&#8221; subhead_font_size=&#8221;24px&#8221; subhead_text_color=&#8221;#ffffff&#8221; title_animation_on_off=&#8221;on&#8221; content_animation=&#8221;fadeIn&#8221; button_one_animation=&#8221;fadeIn&#8221; button_one_twod_hover_style=&#8221;hvr-grow&#8221; button_one_sb_hover_style=&#8221;hvr-bubble-top&#8221; button_two_animation=&#8221;fadeIn&#8221; button_two_twod_hover_style=&#8221;hvr-grow&#8221; button_two_sb_hover_style=&#8221;hvr-bubble-top&#8221; logo_image_animation=&#8221;bounce&#8221; header_image_animation=&#8221;fadeIn&#8221; title_text_align=&#8221;left&#8221; header_height=&#8221;220px&#8221; subhead_line_height=&#8221;1.1em&#8221; title_line_height=&#8221;1em&#8221; title_level=&#8221;h2&#8243; logo_width=&#8221;400px&#8221; max_width=&#8221;600px&#8221; background_image=&#8221;https:\/\/lotusmodellen.se\/wp\/wp-content\/uploads\/2017\/11\/lotus_bg.jpg&#8221; title_font_size_phone=&#8221;32px&#8221; title_font_size_last_edited=&#8221;on|phone&#8221; \/][\/et_pb_section][et_pb_section bb_built=&#8221;1&#8243; _builder_version=&#8221;3.0.86&#8243; use_background_color_gradient=&#8221;on&#8221; background_color_gradient_start=&#8221;#f3f3f1&#8243; background_color_gradient_end=&#8221;#dbdbd9&#8243; background_color_gradient_direction=&#8221;1deg&#8221; prev_background_color=&#8221;rgba(255,255,255,0)&#8221; next_background_color=&#8221;#f3f3f1&#8243;][et_pb_row _builder_version=&#8221;3.0.86&#8243; module_alignment=&#8221;center&#8221; use_custom_width=&#8221;on&#8221; custom_width_px=&#8221;1200&#8243;][et_pb_column type=&#8221;4_4&#8243;][et_pb_divider _builder_version=&#8221;3.0.86&#8243; color=&#8221;#ffffff&#8221; show_divider=&#8221;off&#8221; \/][et_pb_divider _builder_version=&#8221;3.0.86&#8243; color=&#8221;#ffffff&#8221; show_divider=&#8221;off&#8221; \/][\/et_pb_column][\/et_pb_row][et_pb_row _builder_version=&#8221;3.0.86&#8243; custom_padding=&#8221;30px||30px|&#8221; use_custom_gutter=&#8221;on&#8221; gutter_width=&#8221;2&#8243;][et_pb_column type=&#8221;3_4&#8243;][et_pb_text admin_label=&#8221;Utv\u00e4rderingar&#8221; _builder_version=&#8221;3.0.86&#8243; background_layout=&#8221;light&#8221; custom_padding=&#8221;||20px|&#8221;]<\/p>\n<h3>Utv\u00e4rderingar<\/h3>\n<p>F\u00f6r att kvalitetss\u00e4kra v\u00e5r utbildningsinsats \u00e4r vi angel\u00e4gna att tillsammans med er personalfunktion utv\u00e4rdera arbetet d\u00e5 denna information samlas i en databas<\/p>\n<p>[\/et_pb_text][\/et_pb_column][et_pb_column type=&#8221;1_4&#8243;][et_pb_image _builder_version=&#8221;3.0.86&#8243; src=&#8221;https:\/\/lotusmodellen.se\/wp\/wp-content\/uploads\/2017\/03\/Lotus2.jpg&#8221; show_in_lightbox=&#8221;off&#8221; url_new_window=&#8221;off&#8221; use_overlay=&#8221;off&#8221; always_center_on_mobile=&#8221;on&#8221; force_fullwidth=&#8221;off&#8221; show_bottom_space=&#8221;on&#8221; \/][\/et_pb_column][\/et_pb_row][\/et_pb_section][et_pb_section bb_built=&#8221;1&#8243; fullwidth=&#8221;off&#8221; specialty=&#8221;off&#8221; _builder_version=&#8221;3.0.86&#8243; background_color_gradient_end=&#8221;#dbdbd9&#8243; background_color_gradient_start=&#8221;#efefef&#8221; background_color=&#8221;#f3f3f1&#8243; prev_background_color=&#8221;#ffffff&#8221; next_background_color=&#8221;#000000&#8243;][et_pb_row][et_pb_column type=&#8221;4_4&#8243;][et_pb_divider _builder_version=&#8221;3.0.86&#8243; color=&#8221;#ffffff&#8221; show_divider=&#8221;off&#8221; \/][et_pb_divider _builder_version=&#8221;3.0.86&#8243; show_divider=&#8221;on&#8221; color=&#8221;#939393&#8243; \/][et_pb_text admin_label=&#8221;Utv\u00e4rderingar av 114 anst\u00e4llda&#8221; _builder_version=&#8221;3.0.86&#8243; background_layout=&#8221;light&#8221; text_font=&#8221;|600|||||||&#8221; text_font_size=&#8221;16px&#8221;]<\/p>\n<h3>Utv\u00e4rderingar av 114 anst\u00e4llda<\/h3>\n<p>Hur var din m\u00f6jlighet att tillgodog\u00f6ra dig inneh\u00e5llet i utbildningen?<\/p>\n<p>[\/et_pb_text][\/et_pb_column][\/et_pb_row][et_pb_row _builder_version=&#8221;3.0.86&#8243; use_custom_gutter=&#8221;on&#8221; gutter_width=&#8221;2&#8243; make_equal=&#8221;on&#8221; background_color_gradient_start=&#8221;#ffffff&#8221; background_color_gradient_end=&#8221;rgba(232,232,232,0.37)&#8221;][et_pb_column type=&#8221;1_4&#8243;][et_pb_number_counter admin_label=&#8221;Mycket bra&#8221; _builder_version=&#8221;3.0.86&#8243; title=&#8221;Mycket bra&#8221; number=&#8221;66.6&#8243; percent_sign=&#8221;on&#8221; background_layout=&#8221;light&#8221; number_text_color=&#8221;#33a8bc&#8221; title_level=&#8221;h1&#8243; title_font_size=&#8221;25&#8243; title_text_color=&#8221;#3a3a3a&#8221; title_font=&#8221;Lato|700|||||||&#8221; number_font=&#8221;Lato|900|||||||&#8221; number_font_size=&#8221;58&#8243; number_line_height=&#8221;100px&#8221; border_color=&#8221;#ff0202&#8243; \/][\/et_pb_column][et_pb_column type=&#8221;1_4&#8243;][et_pb_number_counter admin_label=&#8221;bra&#8221; _builder_version=&#8221;3.0.86&#8243; title=&#8221;Bra&#8221; number=&#8221;5.3&#8243; percent_sign=&#8221;on&#8221; background_layout=&#8221;light&#8221; number_text_color=&#8221;#33a8bc&#8221; title_level=&#8221;h1&#8243; title_font_size=&#8221;25&#8243; title_text_color=&#8221;#3a3a3a&#8221; title_font=&#8221;Lato|700|||||||&#8221; title_line_height=&#8221;1.3em&#8221; number_font=&#8221;Lato|900|||||||&#8221; number_font_size=&#8221;58&#8243; number_line_height=&#8221;100px&#8221; border_color=&#8221;#ff0202&#8243; \/][\/et_pb_column][et_pb_column type=&#8221;1_4&#8243;][et_pb_number_counter admin_label=&#8221;Varken bra eller d\u00e5ligt&#8221; _builder_version=&#8221;3.0.86&#8243; title=&#8221;Varken bra eller d\u00e5ligt&#8221; number=&#8221;4.4&#8243; percent_sign=&#8221;on&#8221; background_layout=&#8221;light&#8221; number_text_color=&#8221;#33a8bc&#8221; title_level=&#8221;h1&#8243; title_font_size=&#8221;25&#8243; title_text_color=&#8221;#3a3a3a&#8221; title_font=&#8221;Lato|700|||||||&#8221; title_line_height=&#8221;1.3em&#8221; number_font=&#8221;Lato|900|||||||&#8221; number_font_size=&#8221;58&#8243; number_line_height=&#8221;100px&#8221; border_color=&#8221;#ff0202&#8243; \/][\/et_pb_column][et_pb_column type=&#8221;1_4&#8243;][et_pb_number_counter admin_label=&#8221;D\u00e5ligt&#8221; _builder_version=&#8221;3.0.86&#8243; title=&#8221;D\u00e5ligt&#8221; number=&#8221;1&#8243; percent_sign=&#8221;on&#8221; background_layout=&#8221;light&#8221; number_text_color=&#8221;#33a8bc&#8221; title_level=&#8221;h1&#8243; title_font_size=&#8221;25&#8243; title_text_color=&#8221;#3a3a3a&#8221; title_font=&#8221;Lato|700|||||||&#8221; title_line_height=&#8221;1.3em&#8221; number_font=&#8221;Lato|900|||||||&#8221; number_font_size=&#8221;58&#8243; number_line_height=&#8221;100px&#8221; border_color=&#8221;#ff0202&#8243; \/][\/et_pb_column][\/et_pb_row][et_pb_row _builder_version=&#8221;3.0.86&#8243;][et_pb_column type=&#8221;4_4&#8243;][et_pb_divider _builder_version=&#8221;3.0.86&#8243; color=&#8221;#ffffff&#8221; show_divider=&#8221;off&#8221; \/][\/et_pb_column][\/et_pb_row][\/et_pb_section][et_pb_section bb_built=&#8221;1&#8243; fullwidth=&#8221;off&#8221; specialty=&#8221;off&#8221; _builder_version=&#8221;3.0.86&#8243; background_color_gradient_end=&#8221;#dbdbd9&#8243; background_color_gradient_start=&#8221;#efefef&#8221; background_color=&#8221;#f3f3f1&#8243; prev_background_color=&#8221;#000000&#8243; next_background_color=&#8221;#000000&#8243;][et_pb_row][et_pb_column type=&#8221;4_4&#8243;][et_pb_divider _builder_version=&#8221;3.0.86&#8243; color=&#8221;#ffffff&#8221; show_divider=&#8221;off&#8221; \/][et_pb_divider _builder_version=&#8221;3.0.86&#8243; show_divider=&#8221;on&#8221; color=&#8221;#939393&#8243; \/][et_pb_text admin_label=&#8221;Hur upplevde du terapeutens arbete&#8221; _builder_version=&#8221;3.0.86&#8243; background_layout=&#8221;light&#8221; header_3_font=&#8221;Lato|700|||||||&#8221; header_3_font_size=&#8221;24px&#8221; header_3_letter_spacing=&#8221;1px&#8221; text_font=&#8221;|600|||||||&#8221; text_font_size=&#8221;16px&#8221;]<\/p>\n<p>Kan du t\u00e4nka dig att visa denna utbildning f\u00f6r anh\u00f6riga och v\u00e4nner?<\/p>\n<p>[\/et_pb_text][\/et_pb_column][\/et_pb_row][et_pb_row _builder_version=&#8221;3.0.86&#8243; use_custom_gutter=&#8221;on&#8221; gutter_width=&#8221;2&#8243; make_equal=&#8221;on&#8221; background_color_gradient_start=&#8221;#ffffff&#8221; background_color_gradient_end=&#8221;rgba(232,232,232,0.37)&#8221;][et_pb_column type=&#8221;1_4&#8243;][et_pb_number_counter admin_label=&#8221;Mycket bra&#8221; _builder_version=&#8221;3.0.86&#8243; title=&#8221;Ja&#8221; number=&#8221;94.7&#8243; percent_sign=&#8221;on&#8221; background_layout=&#8221;light&#8221; number_text_color=&#8221;#33a8bc&#8221; title_level=&#8221;h1&#8243; title_font_size=&#8221;25&#8243; title_text_color=&#8221;#3a3a3a&#8221; title_font=&#8221;Lato|700|||||||&#8221; number_font=&#8221;Lato|900|||||||&#8221; number_font_size=&#8221;58&#8243; number_line_height=&#8221;100px&#8221; border_color=&#8221;#ff0202&#8243; \/][\/et_pb_column][et_pb_column type=&#8221;1_4&#8243;][et_pb_number_counter admin_label=&#8221;Bra&#8221; _builder_version=&#8221;3.0.86&#8243; title=&#8221;Bra&#8221; number=&#8221;29&#8243; percent_sign=&#8221;on&#8221; background_layout=&#8221;light&#8221; number_text_color=&#8221;#33a8bc&#8221; title_level=&#8221;h1&#8243; title_font_size=&#8221;25&#8243; title_text_color=&#8221;#3a3a3a&#8221; title_font=&#8221;Lato|700|||||||&#8221; title_line_height=&#8221;1.3em&#8221; number_font=&#8221;Lato|900|||||||&#8221; number_font_size=&#8221;58&#8243; number_line_height=&#8221;100px&#8221; border_color=&#8221;#ff0202&#8243; \/][\/et_pb_column][et_pb_column type=&#8221;1_4&#8243;][\/et_pb_column][et_pb_column type=&#8221;1_4&#8243;][\/et_pb_column][\/et_pb_row][et_pb_row _builder_version=&#8221;3.0.86&#8243;][et_pb_column type=&#8221;4_4&#8243;][et_pb_divider _builder_version=&#8221;3.0.86&#8243; color=&#8221;#ffffff&#8221; show_divider=&#8221;off&#8221; \/][et_pb_divider _builder_version=&#8221;3.0.86&#8243; show_divider=&#8221;on&#8221; color=&#8221;#939393&#8243; \/][\/et_pb_column][\/et_pb_row][\/et_pb_section][et_pb_section bb_built=&#8221;1&#8243; fullwidth=&#8221;off&#8221; specialty=&#8221;off&#8221; _builder_version=&#8221;3.0.86&#8243; background_color=&#8221;#f3f3f1&#8243; prev_background_color=&#8221;#000000&#8243; next_background_color=&#8221;#000000&#8243;][et_pb_row _builder_version=&#8221;3.0.86&#8243;][et_pb_column type=&#8221;4_4&#8243;][et_pb_divider _builder_version=&#8221;3.0.86&#8243; color=&#8221;#ffffff&#8221; show_divider=&#8221;off&#8221; \/][\/et_pb_column][\/et_pb_row][et_pb_row][et_pb_column type=&#8221;1_2&#8243;][et_pb_text admin_label=&#8221;Rubrik f\u00f6rdelar&#8221; _builder_version=&#8221;3.0.86&#8243; background_layout=&#8221;light&#8221;]<\/p>\n<h3>Utbildningens starka f\u00f6rdelar<\/h3>\n<p>[\/et_pb_text][et_pb_text admin_label=&#8221;Utbildningens starka f\u00f6rdelar&#8221; _builder_version=&#8221;3.0.86&#8243; background_layout=&#8221;light&#8221; custom_padding=&#8221;||10px|&#8221;]<\/p>\n<ul>\n<li>Utbildningen \u00f6kar kunskapen och medvetenheten till alla anst\u00e4llda.<\/li>\n<li>Det kommer att bli l\u00e4ttare att hantera personliga problem p\u00e5 arbetsplatsen.<\/li>\n<li>Utbildningen \u00e4r tillg\u00e4nglig 24 timmar om dygnet<\/li>\n<li>Utbildningen \u00e4r pedagogisk och enkel<\/li>\n<li>Utv\u00e4rderas och f\u00f6ljs upp<\/li>\n<li>Snabb kontakt med professionellt st\u00f6d<\/li>\n<li>Tv\u00e5 utbildningsmodeller, standard \u2013 Exklusiva modellen<\/li>\n<li>Samtliga utbildningsmodeller finns p\u00e5 engelska.<\/li>\n<li>100% anpassad till alla typer av f\u00f6retag<\/li>\n<\/ul>\n<p>[\/et_pb_text][\/et_pb_column][et_pb_column type=&#8221;1_2&#8243;][\/et_pb_column][\/et_pb_row][\/et_pb_section][et_pb_section bb_built=&#8221;1&#8243; fullwidth=&#8221;off&#8221; specialty=&#8221;off&#8221; _builder_version=&#8221;3.0.86&#8243; background_color=&#8221;#f3f3f1&#8243; prev_background_color=&#8221;#000000&#8243; next_background_color=&#8221;#ffffff&#8221;][et_pb_row _builder_version=&#8221;3.0.86&#8243; use_custom_gutter=&#8221;on&#8221; gutter_width=&#8221;2&#8243;][et_pb_column type=&#8221;1_2&#8243;][et_pb_text _builder_version=&#8221;3.0.86&#8243; background_layout=&#8221;light&#8221; text_font=&#8221;Lato||||||||&#8221; text_text_color=&#8221;#1e1e1e&#8221; text_line_height=&#8221;1.5em&#8221; text_orientation=&#8221;center&#8221; header_text_align=&#8221;center&#8221; module_alignment=&#8221;center&#8221; background_color=&#8221;#d6e7ed&#8221; custom_padding=&#8221;30px|30px|30px|30px&#8221; custom_margin=&#8221;||30px|&#8221;]<\/p>\n<p><img decoding=\"async\" loading=\"lazy\" class=\"size-full wp-image-10417 aligncenter\" src=\"https:\/\/lotusmodellen.se\/wp\/wp-content\/uploads\/2017\/11\/citat.png\" alt=\"\" width=\"100px\" height=\"\" \/><\/p>\n<p style=\"text-align: center;\">Min \u00e4ndring av livet blev n\u00e4r jag fick kontakt med P-O och lotusmodellen. P-O fick mig att se mig sj\u00e4lv i spegeln, spegeln var P-O. Jag fick anv\u00e4nda en plattform som jag kunde g\u00e5 in p\u00e5 och skriva av mig om k\u00e4nslor b\u00e5de bra och d\u00e5liga. Feedbacken var helt otrolig.<br \/>\nN\u00e4r jag m\u00e5dde som s\u00e4mst s\u00e5 v\u00e4nde jag mig till plattformen.<br \/>\nJag sj\u00e4lv har haft m\u00e5nga terapeuter men inga har hj\u00e4lpt tills jag kom i kontakt med P-O och lotusmodellen det f\u00f6r\u00e4ndra mitt liv.<br \/>\nMin familj och jag \u00e4r evigt tacksam f\u00f6r all hj\u00e4lp med Min \u00e4ndring av Livet.<br \/>\n<strong>Evigt tacksam Boris med familj. Tack \u00e4n en g\u00e5ng P-O \u00e5 Lotusmodellen \/Boris<\/strong><\/p>\n<p>[\/et_pb_text][et_pb_text _builder_version=&#8221;3.0.86&#8243; background_layout=&#8221;light&#8221; text_font=&#8221;Lato||||||||&#8221; text_text_color=&#8221;#1e1e1e&#8221; text_line_height=&#8221;1.5em&#8221; text_orientation=&#8221;center&#8221; header_text_align=&#8221;center&#8221; module_alignment=&#8221;center&#8221; background_color=&#8221;#d4e3cc&#8221; custom_padding=&#8221;30px|30px|30px|30px&#8221; custom_margin=&#8221;||30px|&#8221;]<\/p>\n<p><img decoding=\"async\" loading=\"lazy\" class=\"alignnone size-full wp-image-10417\" src=\"https:\/\/lotusmodellen.se\/wp\/wp-content\/uploads\/2017\/11\/citat.png\" alt=\"\" width=\"100px\" height=\"\" \/><br \/>\n\u00c4ven min familj kunde ta del av utbildningen.<br \/>\n<strong>Kursdeltagare<\/strong><\/p>\n<p>[\/et_pb_text][\/et_pb_column][et_pb_column type=&#8221;1_2&#8243;][et_pb_text _builder_version=&#8221;3.0.86&#8243; background_layout=&#8221;light&#8221; text_font=&#8221;Lato||||||||&#8221; text_text_color=&#8221;#1e1e1e&#8221; text_line_height=&#8221;1.5em&#8221; text_orientation=&#8221;center&#8221; header_text_align=&#8221;center&#8221; module_alignment=&#8221;center&#8221; background_color=&#8221;#d6e7ed&#8221; custom_padding=&#8221;30px|30px|30px|&#8221; custom_margin=&#8221;||40px|&#8221;]<\/p>\n<p><img decoding=\"async\" loading=\"lazy\" class=\"size-full wp-image-10417 aligncenter\" src=\"https:\/\/lotusmodellen.se\/wp\/wp-content\/uploads\/2017\/11\/citat.png\" alt=\"\" width=\"100px\" height=\"\" \/><\/p>\n<p style=\"text-align: center;\">Du lade ett lugn i mig vid v\u00e5rt f\u00f6rsta m\u00f6te, jag var beslutsam att inte tr\u00e4ffa n\u00e5gon ny terapeut<br \/>\n<strong>Gunilla<\/strong><\/p>\n<p>[\/et_pb_text][et_pb_text _builder_version=&#8221;3.0.86&#8243; background_layout=&#8221;light&#8221; text_font=&#8221;Lato||||||||&#8221; text_text_color=&#8221;#1e1e1e&#8221; text_line_height=&#8221;1.5em&#8221; text_orientation=&#8221;center&#8221; header_text_align=&#8221;center&#8221; module_alignment=&#8221;center&#8221; custom_padding=&#8221;30px|30px|30px|30px&#8221; custom_margin=&#8221;||40px|&#8221; background_color=&#8221;#f7e2f0&#8243;]<\/p>\n<p><img decoding=\"async\" loading=\"lazy\" class=\"alignnone size-full wp-image-10417\" src=\"https:\/\/lotusmodellen.se\/wp\/wp-content\/uploads\/2017\/11\/citat.png\" alt=\"\" width=\"100\" height=\"\" \/><br \/>\nEnkelt att f\u00f6rst\u00e5.<br \/>\n<strong>Kursdeltagare<\/strong><\/p>\n<p>[\/et_pb_text][\/et_pb_column][\/et_pb_row][\/et_pb_section][et_pb_section bb_built=&#8221;1&#8243; _builder_version=&#8221;3.15&#8243; use_background_color_gradient=&#8221;on&#8221; background_color_gradient_start=&#8221;rgba(12,113,195,0.74)&#8221; background_color_gradient_end=&#8221;rgba(12,113,195,0.4)&#8221; background_color_gradient_direction=&#8221;1deg&#8221; prev_background_color=&#8221;#f3f3f1&#8243; global_module=&#8221;10076&#8243;][et_pb_row global_parent=&#8221;10076&#8243; custom_padding=&#8221;40px|||&#8221; _builder_version=&#8221;3.15&#8243; module_alignment=&#8221;center&#8221;][et_pb_column type=&#8221;1_4&#8243;][et_pb_image global_parent=&#8221;10076&#8243; src=&#8221;https:\/\/lotusmodellen.se\/wp\/wp-content\/uploads\/2018\/10\/Lotusmodellen-logga-1.png&#8221; show_bottom_space=&#8221;off&#8221; _builder_version=&#8221;3.15&#8243; max_width=&#8221;50%&#8221; custom_margin=&#8221;0px|||&#8221; custom_padding=&#8221;0px|||&#8221; \/][\/et_pb_column][et_pb_column type=&#8221;1_4&#8243;][\/et_pb_column][et_pb_column type=&#8221;1_4&#8243;][et_pb_text global_parent=&#8221;10076&#8243; _builder_version=&#8221;3.15&#8243;]<\/p>\n<p style=\"text-align: right;\"><span style=\"color: #000000; font-size: 14pt; font-family: georgia, palatino, serif;\">Kontaktinformation:\u00a0\u00a0<\/span><\/p>\n<p>[\/et_pb_text][\/et_pb_column][et_pb_column type=&#8221;1_4&#8243;][et_pb_text global_parent=&#8221;10076&#8243; background_layout=&#8221;dark&#8221; disabled_on=&#8221;on||&#8221; _builder_version=&#8221;3.15&#8243; text_font=&#8221;Lato||||||||&#8221; header_font=&#8221;Lato|700|||||||&#8221;]<\/p>\n<p style=\"text-align: left;\"><span style=\"color: #000000; font-size: 14pt; font-family: georgia, palatino, serif;\">AB Lotusmodellen\u00a0 \u00a0 \u00a0 \u00a0<\/span><br \/>\n<span style=\"color: #000000; font-size: 14pt; font-family: georgia, palatino, serif;\">Garnv\u00e4gen 7\u00a0 \u00a0 \u00a0 \u00a0 \u00a0 \u00a0 \u00a0 \u00a0<\/span><br \/>\n<span style=\"color: #000000; font-size: 14pt; font-family: georgia, palatino, serif;\">294 95 S\u00f6lvesborg\u00a0 \u00a0 \u00a0\u00a0<\/span><br \/>\n<span style=\"color: #000000; font-size: 14pt; font-family: georgia, palatino, serif;\">0706-25 57 50\u00a0 \u00a0 \u00a0 \u00a0 \u00a0 \u00a0 \u00a0<\/span><br \/>\n<span style=\"color: #000000; font-size: 14pt; font-family: georgia, palatino, serif;\"><a style=\"color: #000000;\" href=\"mailto:p-o@lotusmodellen.se\">p-o@lotusmodellen.se<\/a><\/span><\/p>\n<p>[\/et_pb_text][\/et_pb_column][\/et_pb_row][et_pb_row global_parent=&#8221;10076&#8243; disabled_on=&#8221;off|on|on&#8221; _builder_version=&#8221;3.0.86&#8243;][et_pb_column type=&#8221;4_4&#8243;][\/et_pb_column][\/et_pb_row][\/et_pb_section]<\/p>\n","protected":false},"excerpt":{"rendered":"<p>V\u00e4lkommen till v\u00e5r ny\u00f6ppnade restaurang i Stockholm.\u00a0I v\u00e5rt k\u00f6k finner ni noga utvalda r\u00e5varor av b\u00e4sta kvalitet. Vi jobbar med n\u00e5gra av de fr\u00e4msta akt\u00f6rerna i landet som sysslar med djuruppf\u00f6dning. Utv\u00e4rderingar F\u00f6r att kvalitetss\u00e4kra v\u00e5r utbildningsinsats \u00e4r vi angel\u00e4gna att tillsammans med er personalfunktion utv\u00e4rdera arbetet d\u00e5 denna information samlas i en databas <div class=\"et_pb_row et_pb_row_0 et_pb_row_empty\">\n\t\t\t\t\n\t\t\t\t\n\t\t\t\t\n\t\t\t\t\n\t\t\t\t\n\t\t\t<\/div> [&hellip;]<\/p>\n","protected":false},"author":6,"featured_media":0,"parent":0,"menu_order":0,"comment_status":"closed","ping_status":"closed","template":"","meta":{"_et_pb_use_builder":"on","_et_pb_old_content":"","_et_gb_content_width":"","_mi_skip_tracking":false},"aioseo_notices":[],"_links":{"self":[{"href":"https:\/\/lotusmodellen.se\/wp\/wp-json\/wp\/v2\/pages\/10487"}],"collection":[{"href":"https:\/\/lotusmodellen.se\/wp\/wp-json\/wp\/v2\/pages"}],"about":[{"href":"https:\/\/lotusmodellen.se\/wp\/wp-json\/wp\/v2\/types\/page"}],"author":[{"embeddable":true,"href":"https:\/\/lotusmodellen.se\/wp\/wp-json\/wp\/v2\/users\/6"}],"replies":[{"embeddable":true,"href":"https:\/\/lotusmodellen.se\/wp\/wp-json\/wp\/v2\/comments?post=10487"}],"version-history":[{"count":4,"href":"https:\/\/lotusmodellen.se\/wp\/wp-json\/wp\/v2\/pages\/10487\/revisions"}],"predecessor-version":[{"id":10811,"href":"https:\/\/lotusmodellen.se\/wp\/wp-json\/wp\/v2\/pages\/10487\/revisions\/10811"}],"wp:attachment":[{"href":"https:\/\/lotusmodellen.se\/wp\/wp-json\/wp\/v2\/media?parent=10487"}],"curies":[{"name":"wp","href":"https:\/\/api.w.org\/{rel}","templated":true}]}}