{"id":10239,"date":"2017-11-20T14:27:39","date_gmt":"2017-11-20T13:27:39","guid":{"rendered":"http:\/\/lotusmodellen.se\/wp\/?page_id=10239"},"modified":"2018-10-02T17:55:28","modified_gmt":"2018-10-02T15:55:28","slug":"serviceavtal","status":"publish","type":"page","link":"https:\/\/lotusmodellen.se\/wp\/serviceavtal\/","title":{"rendered":"-Serviceavtal"},"content":{"rendered":"<p>[et_pb_section bb_built=&#8221;1&#8243; admin_label=&#8221;Header&#8221; background_image=&#8221;https:\/\/lotusmodellen.se\/wp\/wp-content\/uploads\/2017\/11\/lotus_bg.jpg&#8221; transparent_background=&#8221;on&#8221; parallax=&#8221;on&#8221; custom_padding=&#8221;|||&#8221; fullwidth=&#8221;on&#8221; disabled_on=&#8221;off|off|off&#8221; collapsed=&#8221;off&#8221; background_color=&#8221;rgba(255,255,255,0)&#8221; _builder_version=&#8221;3.0.86&#8243; module_alignment=&#8221;center&#8221; next_background_color=&#8221;#f3f3f1&#8243;][et_pb_fullwidth_header title=&#8221;R\u00e5varor av h\u00f6gsta kvalitet&#8221; background_layout=&#8221;light&#8221; text_orientation=&#8221;center&#8221; header_fullscreen=&#8221;on&#8221; header_scroll_down=&#8221;on&#8221; scroll_down_icon=&#8221;%%0%%&#8221; scroll_down_icon_color=&#8221;#ffffff&#8221; scroll_down_icon_size=&#8221;32px&#8221; subhead_font_color=&#8221;#ffffff&#8221; button_one_text=&#8221;Se meny&#8221; button_two_text=&#8221;Boka bord&#8221; background_color=&#8221;rgba(40,17,0,0.32)&#8221; background_overlay_color=&#8221;rgba(45,22,0,0)&#8221; parallax=&#8221;on&#8221; parallax_method=&#8221;on&#8221; logo_image_url=&#8221;https:\/\/lotusmodellen.se\/wp\/wp-content\/uploads\/2017\/11\/headet.png&#8221; title_font=&#8221;Playfair Display||||&#8221; title_font_size=&#8221;72px&#8221; title_text_color=&#8221;#ffffff&#8221; subhead_font=&#8221;Montserrat||||&#8221; subhead_text_color=&#8221;#ffffff&#8221; content_font=&#8221;Montserrat||||&#8221; content_font_size=&#8221;20px&#8221; content_text_color=&#8221;#ffffff&#8221; custom_button_one=&#8221;on&#8221; button_one_text_size=&#8221;15px&#8221; button_one_text_color=&#8221;#ffffff&#8221; button_one_border_color=&#8221;#ffffff&#8221; button_one_border_radius=&#8221;0px&#8221; button_one_letter_spacing=&#8221;1px&#8221; button_one_font=&#8221;Montserrat|||on|&#8221; button_one_use_icon=&#8221;off&#8221; button_one_border_radius_hover=&#8221;0px&#8221; button_one_letter_spacing_hover=&#8221;1px&#8221; custom_button_two=&#8221;on&#8221; button_two_text_size=&#8221;15px&#8221; button_two_text_color=&#8221;#ffffff&#8221; button_two_bg_color=&#8221;#c39d63&#8243; button_two_border_color=&#8221;#c39d63&#8243; button_two_border_radius=&#8221;0px&#8221; button_two_letter_spacing=&#8221;1px&#8221; button_two_font=&#8221;Montserrat|||on|&#8221; button_two_use_icon=&#8221;off&#8221; button_two_letter_spacing_hover=&#8221;1px&#8221; content_orientation=&#8221;center&#8221; image_orientation=&#8221;center&#8221; button_one_icon_placement=&#8221;right&#8221; button_two_icon_placement=&#8221;right&#8221; content_font_color=&#8221;#ffffff&#8221; title_font_color=&#8221;#ffffff&#8221; content_font_size_phone=&#8221;14px&#8221; content_font_size_last_edited=&#8221;on|phone&#8221; title_font_size_phone=&#8221;45px&#8221; title_font_size_last_edited=&#8221;on|phone&#8221; _builder_version=&#8221;3.0.86&#8243; max_width_tablet=&#8221;50px&#8221; disabled=&#8221;on&#8221; disabled_on=&#8221;on|on|on&#8221;]<\/p>\n<p class=\"\"><span style=\"color: #ffffff;\">V\u00e4lkommen till v\u00e5r ny\u00f6ppnade restaurang i Stockholm.\u00a0I v\u00e5rt k\u00f6k finner ni noga utvalda r\u00e5varor av b\u00e4sta kvalitet. Vi jobbar med n\u00e5gra av de fr\u00e4msta akt\u00f6rerna i landet som sysslar med djuruppf\u00f6dning.<\/span><\/p>\n<p>[\/et_pb_fullwidth_header][et_pb_fullwidth_header_extended _builder_version=&#8221;3.15&#8243; title=&#8221;Serviceavtal av Lotusmodellen&#8221; textillate_effect_loop=&#8221;false&#8221; title_before_after=&#8221;before&#8221; kenburns_effect=&#8221;on&#8221; kenburns_effect_type=&#8221;dwd-zoomout&#8221; background_gradient_type=&#8221;left-to-right&#8221; exclude_pages=&#8221;off&#8221; exclude_posts=&#8221;off&#8221; hide_button=&#8221;off&#8221; search_button_align=&#8221;left&#8221; divider_placement=&#8221;dwd-d-before&#8221; divider_type=&#8221;dwd-d-style-triangles&#8221; header_scroll_down_effect=&#8221;fadeIn&#8221; image_orientation=&#8221;bottom&#8221; search_max_width_on_off=&#8221;off&#8221; background_layout=&#8221;dark&#8221; title_font_color=&#8221;#303030&#8243; title_font=&#8221;Lato|700|||||||&#8221; title_font_size=&#8221;50px&#8221; subhead_font=&#8221;Roboto|300|||||||&#8221; subhead_font_size=&#8221;24px&#8221; subhead_text_color=&#8221;#ffffff&#8221; title_animation_on_off=&#8221;on&#8221; content_animation=&#8221;fadeIn&#8221; button_one_animation=&#8221;fadeIn&#8221; button_one_twod_hover_style=&#8221;hvr-grow&#8221; button_one_sb_hover_style=&#8221;hvr-bubble-top&#8221; button_two_animation=&#8221;fadeIn&#8221; button_two_twod_hover_style=&#8221;hvr-grow&#8221; button_two_sb_hover_style=&#8221;hvr-bubble-top&#8221; logo_image_animation=&#8221;bounce&#8221; header_image_animation=&#8221;fadeIn&#8221; title_text_align=&#8221;left&#8221; header_height=&#8221;220px&#8221; subhead_line_height=&#8221;1.1em&#8221; title_line_height=&#8221;1em&#8221; title_level=&#8221;h2&#8243; logo_width=&#8221;400px&#8221; max_width=&#8221;600px&#8221; background_image=&#8221;https:\/\/lotusmodellen.se\/wp\/wp-content\/uploads\/2017\/11\/lotus_bg.jpg&#8221; \/][\/et_pb_section][et_pb_section bb_built=&#8221;1&#8243; _builder_version=&#8221;3.0.86&#8243; background_color=&#8221;#f3f3f1&#8243; use_background_color_gradient=&#8221;on&#8221; background_color_gradient_start=&#8221;#f3f3f1&#8243; background_color_gradient_end=&#8221;#dbdbd9&#8243; prev_background_color=&#8221;rgba(255,255,255,0)&#8221; next_background_color=&#8221;#ffffff&#8221;][et_pb_row _builder_version=&#8221;3.0.86&#8243; module_alignment=&#8221;center&#8221; use_custom_width=&#8221;on&#8221;][et_pb_column type=&#8221;4_4&#8243;][et_pb_divider _builder_version=&#8221;3.0.86&#8243; color=&#8221;#ffffff&#8221; show_divider=&#8221;off&#8221; \/][et_pb_text _builder_version=&#8221;3.0.86&#8243; background_layout=&#8221;light&#8221; text_font=&#8221;Lato|300|||||||&#8221; text_text_color=&#8221;#1e1e1e&#8221; text_line_height=&#8221;1.4em&#8221; header_font=&#8221;Roboto|900|||||||&#8221; header_text_color=&#8221;#1e1e1e&#8221; header_line_height=&#8221;1.2em&#8221; max_width=&#8221;80%&#8221; header_4_font=&#8221;Lato||on||||||&#8221; header_4_text_color=&#8221;#6b6b6b&#8221; text_font_size=&#8221;25px&#8221; header_4_font_size=&#8221;28px&#8221; header_4_line_height=&#8221;1.3em&#8221; quote_font=&#8221;Lato|700|on||||||&#8221; quote_text_align=&#8221;left&#8221; quote_font_size=&#8221;28px&#8221; quote_text_color=&#8221;#5b5b5b&#8221; quote_line_height=&#8221;1.3em&#8221;]<\/p>\n<blockquote>\n<p class=\"p1\"><span class=\"s1\">Kunskap och samverkan \u00e4r nyckeln till resultat!<\/span><\/p>\n<\/blockquote>\n<p>[\/et_pb_text][\/et_pb_column][\/et_pb_row][et_pb_row _builder_version=&#8221;3.0.86&#8243; custom_padding=&#8221;30px||60px|&#8221; use_custom_gutter=&#8221;on&#8221; gutter_width=&#8221;2&#8243;][et_pb_column type=&#8221;4_4&#8243;][et_pb_text _builder_version=&#8221;3.0.86&#8243; background_layout=&#8221;light&#8221; header_3_font=&#8221;Lato|700|||||||&#8221; header_3_font_size=&#8221;24px&#8221; header_3_letter_spacing=&#8221;1px&#8221;]<\/p>\n<h3>Serviceavtal<\/h3>\n<p><span class=\"s1\">Med v\u00e5r erfarenhet och kompetens vill vi anpassa oss till Ert f\u00f6retag och v\u00e5r m\u00e5ls\u00e4ttning \u00e4r att med detta serviceavtal p\u00e5 ett enkelt och tryggt s\u00e4tt, f\u00f6ra in kunskap till alla p\u00e5 f\u00f6retaget.<\/span><\/p>\n<p class=\"p1\"><span class=\"s1\">Vi vill finnas d\u00e4r f\u00f6r cheferna; de skall med trygghet kunna komma i kontakt med oss vid ev misstankar. Chefer vill och beh\u00f6ver f\u00e5 r\u00e5dgivning och med ett serviceavtal s\u00e5 ing\u00e5r vi en snabb kontakt.<\/span><\/p>\n<p class=\"p1\"><span class=\"s1\">Det unika med v\u00e5rt serviceavtal \u00e4r att vi bjuder p\u00e5 utbildningen och ett handlingsprogram, vilket skapar en trygghet hos alla p\u00e5 f\u00f6retaget och med v\u00e5r spetskompetens \u00e4r vi med fr\u00e5n dag ett. <\/span><\/p>\n<p class=\"p1\"><span class=\"s1\">I v\u00e5rt rehabiliteringsprogram ing\u00e5r \u00e4ven Lotusmodellens digitala, terapeutiska plattform. Denna plattform \u00e4r ett viktigt instrument f\u00f6r den enskilde vilket g\u00f6r rehabiliteringen 100% individanpassad. I detta program finns det verktyg som g\u00f6r att arbetsgivarens uppf\u00f6ljningsansvar blir tydligt i hela processen med \u00e5terkoppling samt uppf\u00f6ljningsm\u00f6ten.<\/span><\/p>\n<p class=\"p1\" style=\"text-align: center;\"><span style=\"font-size: 14pt;\"><strong><span class=\"s1\">Tillsammans kommer vi att g\u00f6ra skillnad.<\/span><\/strong><\/span><\/p>\n<p>[\/et_pb_text][\/et_pb_column][\/et_pb_row][\/et_pb_section][et_pb_section bb_built=&#8221;1&#8243; _builder_version=&#8221;3.15&#8243; use_background_color_gradient=&#8221;on&#8221; background_color_gradient_start=&#8221;rgba(12,113,195,0.74)&#8221; background_color_gradient_end=&#8221;rgba(12,113,195,0.4)&#8221; background_color_gradient_direction=&#8221;1deg&#8221; prev_background_color=&#8221;#f3f3f1&#8243; global_module=&#8221;10076&#8243;][et_pb_row global_parent=&#8221;10076&#8243; custom_padding=&#8221;40px|||&#8221; _builder_version=&#8221;3.15&#8243; module_alignment=&#8221;center&#8221;][et_pb_column type=&#8221;1_4&#8243;][et_pb_image global_parent=&#8221;10076&#8243; src=&#8221;https:\/\/lotusmodellen.se\/wp\/wp-content\/uploads\/2018\/10\/Lotusmodellen-logga-1.png&#8221; show_bottom_space=&#8221;off&#8221; _builder_version=&#8221;3.15&#8243; max_width=&#8221;50%&#8221; custom_margin=&#8221;0px|||&#8221; custom_padding=&#8221;0px|||&#8221; \/][\/et_pb_column][et_pb_column type=&#8221;1_4&#8243;][\/et_pb_column][et_pb_column type=&#8221;1_4&#8243;][et_pb_text global_parent=&#8221;10076&#8243; _builder_version=&#8221;3.15&#8243;]<\/p>\n<p style=\"text-align: right;\"><span style=\"color: #000000; font-size: 14pt; font-family: georgia, palatino, serif;\">Kontaktinformation:\u00a0\u00a0<\/span><\/p>\n<p>[\/et_pb_text][\/et_pb_column][et_pb_column type=&#8221;1_4&#8243;][et_pb_text global_parent=&#8221;10076&#8243; background_layout=&#8221;dark&#8221; disabled_on=&#8221;on||&#8221; _builder_version=&#8221;3.15&#8243; text_font=&#8221;Lato||||||||&#8221; header_font=&#8221;Lato|700|||||||&#8221;]<\/p>\n<p style=\"text-align: left;\"><span style=\"color: #000000; font-size: 14pt; font-family: georgia, palatino, serif;\">AB Lotusmodellen\u00a0 \u00a0 \u00a0 \u00a0<\/span><br \/>\n<span style=\"color: #000000; font-size: 14pt; font-family: georgia, palatino, serif;\">Garnv\u00e4gen 7\u00a0 \u00a0 \u00a0 \u00a0 \u00a0 \u00a0 \u00a0 \u00a0<\/span><br \/>\n<span style=\"color: #000000; font-size: 14pt; font-family: georgia, palatino, serif;\">294 95 S\u00f6lvesborg\u00a0 \u00a0 \u00a0\u00a0<\/span><br \/>\n<span style=\"color: #000000; font-size: 14pt; font-family: georgia, palatino, serif;\">0706-25 57 50\u00a0 \u00a0 \u00a0 \u00a0 \u00a0 \u00a0 \u00a0<\/span><br \/>\n<span style=\"color: #000000; font-size: 14pt; font-family: georgia, palatino, serif;\"><a style=\"color: #000000;\" href=\"mailto:p-o@lotusmodellen.se\">p-o@lotusmodellen.se<\/a><\/span><\/p>\n<p>[\/et_pb_text][\/et_pb_column][\/et_pb_row][et_pb_row global_parent=&#8221;10076&#8243; disabled_on=&#8221;off|on|on&#8221; _builder_version=&#8221;3.0.86&#8243;][et_pb_column type=&#8221;4_4&#8243;][\/et_pb_column][\/et_pb_row][\/et_pb_section]<\/p>\n","protected":false},"excerpt":{"rendered":"<p>V\u00e4lkommen till v\u00e5r ny\u00f6ppnade restaurang i Stockholm.\u00a0I v\u00e5rt k\u00f6k finner ni noga utvalda r\u00e5varor av b\u00e4sta kvalitet. Vi jobbar med n\u00e5gra av de fr\u00e4msta akt\u00f6rerna i landet som sysslar med djuruppf\u00f6dning. Kunskap och samverkan \u00e4r nyckeln till resultat! Serviceavtal Med v\u00e5r erfarenhet och kompetens vill vi anpassa oss till Ert f\u00f6retag och v\u00e5r m\u00e5ls\u00e4ttning \u00e4r [&hellip;]<\/p>\n","protected":false},"author":6,"featured_media":0,"parent":0,"menu_order":0,"comment_status":"closed","ping_status":"closed","template":"","meta":{"_et_pb_use_builder":"on","_et_pb_old_content":"","_et_gb_content_width":"","_mi_skip_tracking":false},"aioseo_notices":[],"_links":{"self":[{"href":"https:\/\/lotusmodellen.se\/wp\/wp-json\/wp\/v2\/pages\/10239"}],"collection":[{"href":"https:\/\/lotusmodellen.se\/wp\/wp-json\/wp\/v2\/pages"}],"about":[{"href":"https:\/\/lotusmodellen.se\/wp\/wp-json\/wp\/v2\/types\/page"}],"author":[{"embeddable":true,"href":"https:\/\/lotusmodellen.se\/wp\/wp-json\/wp\/v2\/users\/6"}],"replies":[{"embeddable":true,"href":"https:\/\/lotusmodellen.se\/wp\/wp-json\/wp\/v2\/comments?post=10239"}],"version-history":[{"count":2,"href":"https:\/\/lotusmodellen.se\/wp\/wp-json\/wp\/v2\/pages\/10239\/revisions"}],"predecessor-version":[{"id":10804,"href":"https:\/\/lotusmodellen.se\/wp\/wp-json\/wp\/v2\/pages\/10239\/revisions\/10804"}],"wp:attachment":[{"href":"https:\/\/lotusmodellen.se\/wp\/wp-json\/wp\/v2\/media?parent=10239"}],"curies":[{"name":"wp","href":"https:\/\/api.w.org\/{rel}","templated":true}]}}